{"id":8116,"date":"2024-03-25T02:47:55","date_gmt":"2024-03-25T02:47:55","guid":{"rendered":"https:\/\/groupetango.com\/contact\/"},"modified":"2025-08-26T20:38:20","modified_gmt":"2025-08-26T20:38:20","slug":"contact","status":"publish","type":"page","link":"https:\/\/groupetango.com\/fr\/contact\/","title":{"rendered":"Contact"},"content":{"rendered":"\t\t<div data-elementor-type=\"wp-page\" data-elementor-id=\"8116\" class=\"elementor elementor-8116 elementor-57\">\n\t\t\t\t<div class=\"elementor-element elementor-element-a0307b2 e-flex e-con-boxed e-con e-parent\" data-id=\"a0307b2\" data-element_type=\"container\" data-settings=\"{&quot;background_background&quot;:&quot;gradient&quot;}\">\n\t\t\t\t\t<div class=\"e-con-inner\">\n\t\t<div class=\"elementor-element elementor-element-89c1bf7 e-con-full e-flex e-con e-child\" data-id=\"89c1bf7\" data-element_type=\"container\">\n\t\t<div class=\"elementor-element elementor-element-d2fdaa8 e-con-full e-flex e-con e-child\" data-id=\"d2fdaa8\" data-element_type=\"container\">\n\t\t<div class=\"elementor-element elementor-element-0fd1ac1 e-con-full e-flex e-con e-child\" data-id=\"0fd1ac1\" data-element_type=\"container\">\n\t\t\t\t<div class=\"elementor-element elementor-element-5b96db0 elementor-widget__width-initial animated-fast elementor-widget-divider--view-line elementor-invisible elementor-widget elementor-widget-divider\" data-id=\"5b96db0\" data-element_type=\"widget\" data-settings=\"{&quot;_animation&quot;:&quot;zoomInRight&quot;}\" data-widget_type=\"divider.default\">\n\t\t\t\t<div class=\"elementor-widget-container\">\n\t\t\t\t\t<div class=\"elementor-divider\">\n\t\t\t<span class=\"elementor-divider-separator\">\n\t\t\t\t\t\t<\/span>\n\t\t<\/div>\n\t\t\t\t<\/div>\n\t\t\t\t<\/div>\n\t\t\t\t<div class=\"elementor-element elementor-element-ba3333d animated-fast elementor-invisible elementor-widget elementor-widget-heading\" data-id=\"ba3333d\" data-element_type=\"widget\" data-settings=\"{&quot;_animation&quot;:&quot;opal-scale-up&quot;}\" data-widget_type=\"heading.default\">\n\t\t\t\t<div class=\"elementor-widget-container\">\n\t\t\t<p class=\"elementor-heading-title elementor-size-default\">entrer en contact.<\/p>\t\t<\/div>\n\t\t\t\t<\/div>\n\t\t\t\t<\/div>\n\t\t<div class=\"elementor-element elementor-element-8d6fa8d e-con-full e-flex e-con e-child\" data-id=\"8d6fa8d\" data-element_type=\"container\">\n\t\t\t\t<div class=\"elementor-element elementor-element-f72c498 elementor-widget__width-initial animated-fast elementor-invisible elementor-widget elementor-widget-heading\" data-id=\"f72c498\" data-element_type=\"widget\" data-settings=\"{&quot;_animation&quot;:&quot;opal-move-left&quot;}\" data-widget_type=\"heading.default\">\n\t\t\t\t<div class=\"elementor-widget-container\">\n\t\t\t<h2 class=\"elementor-heading-title elementor-size-default\">Nous aimerions vous entendre<\/h2>\t\t<\/div>\n\t\t\t\t<\/div>\n\t\t\t\t<\/div>\n\t\t\t\t<\/div>\n\t\t\t\t<div class=\"elementor-element elementor-element-fb48304 elementor-widget elementor-widget-heading\" data-id=\"fb48304\" data-element_type=\"widget\" data-widget_type=\"heading.default\">\n\t\t\t\t<div class=\"elementor-widget-container\">\n\t\t\t<h5 class=\"elementor-heading-title elementor-size-default\">Demande d'information<\/h5>\t\t<\/div>\n\t\t\t\t<\/div>\n\t\t\t\t<div class=\"elementor-element elementor-element-4ce293c elementor-widget__width-initial elementor-widget elementor-widget-text-editor\" data-id=\"4ce293c\" data-element_type=\"widget\" data-widget_type=\"text-editor.default\">\n\t\t\t\t<div class=\"elementor-widget-container\">\n\t\t\t\t\t\t\t<p>Pour plus d&rsquo;informations et comment nous pouvons r\u00e9pondre \u00e0 vos besoins, veuillez remplir le formulaire ci-dessous et un membre de notre \u00e9quipe vous contactera.<\/p>\t\t\t\t\t\t<\/div>\n\t\t\t\t<\/div>\n\t\t\t\t<div class=\"elementor-element elementor-element-661593a elementor-widget__width-initial elementor-widget elementor-widget-rebuilto-contactform\" data-id=\"661593a\" data-element_type=\"widget\" data-widget_type=\"rebuilto-contactform.default\">\n\t\t\t\t<div class=\"elementor-widget-container\">\n\t\t\t\n<div class=\"wpcf7 no-js\" id=\"wpcf7-f8122-o1\" lang=\"fr-FR\" dir=\"ltr\" data-wpcf7-id=\"8122\">\n<div class=\"screen-reader-response\"><p role=\"status\" aria-live=\"polite\" aria-atomic=\"true\"><\/p> <ul><\/ul><\/div>\n<form action=\"\/fr\/wp-json\/wp\/v2\/pages\/8116#wpcf7-f8122-o1\" method=\"post\" class=\"wpcf7-form init\" aria-label=\"Formulaire de contact\" novalidate=\"novalidate\" data-status=\"init\">\n<div style=\"display: none;\">\n<input type=\"hidden\" name=\"_wpcf7\" value=\"8122\" \/>\n<input type=\"hidden\" name=\"_wpcf7_version\" value=\"6.0.1\" \/>\n<input type=\"hidden\" name=\"_wpcf7_locale\" value=\"fr_FR\" \/>\n<input type=\"hidden\" name=\"_wpcf7_unit_tag\" value=\"wpcf7-f8122-o1\" \/>\n<input type=\"hidden\" name=\"_wpcf7_container_post\" value=\"0\" \/>\n<input type=\"hidden\" name=\"_wpcf7_posted_data_hash\" value=\"\" \/>\n<input type=\"hidden\" name=\"_wpcf7_recaptcha_response\" value=\"\" \/>\n<\/div>\n<div class=\"ct-form\">\n\t<div class=\"row\">\n\t\t<div class=\"column-name\">\n\t\t\t<p><span class=\"wpcf7-form-control-wrap\" data-name=\"your-name\"><input size=\"40\" maxlength=\"400\" class=\"wpcf7-form-control wpcf7-text wpcf7-validates-as-required\" autocomplete=\"name\" aria-required=\"true\" aria-invalid=\"false\" placeholder=\"Nom complet *\" value=\"\" type=\"text\" name=\"your-name\" \/><\/span>\n\t\t\t<\/p>\n\t\t<\/div>\n\t\t<div class=\"column-number\">\n\t\t\t<p><span class=\"wpcf7-form-control-wrap\" data-name=\"your-number\"><input size=\"40\" maxlength=\"400\" class=\"wpcf7-form-control wpcf7-tel wpcf7-validates-as-required wpcf7-text wpcf7-validates-as-tel\" autocomplete=\"email\" aria-required=\"true\" aria-invalid=\"false\" placeholder=\"T\u00e9l\u00e9phone *\" value=\"\" type=\"tel\" name=\"your-number\" \/><\/span>\n\t\t\t<\/p>\n\t\t<\/div>\n\t<\/div>\n\t<div class=\"row\">\n\t\t<div class=\"column-email\">\n\t\t\t<p><span class=\"wpcf7-form-control-wrap\" data-name=\"your-email\"><input size=\"40\" maxlength=\"400\" class=\"wpcf7-form-control wpcf7-email wpcf7-validates-as-required wpcf7-text wpcf7-validates-as-email\" aria-required=\"true\" aria-invalid=\"false\" placeholder=\"Courriel *\" value=\"\" type=\"email\" name=\"your-email\" \/><\/span>\n\t\t\t<\/p>\n\t\t<\/div>\n\t\t<div class=\"column-service\">\n\t\t\t<p><span class=\"wpcf7-form-control-wrap\" data-name=\"your-service\"><select class=\"wpcf7-form-control wpcf7-select select-input\" aria-invalid=\"false\" name=\"your-service\"><option value=\"\">Service<\/option><option value=\"Charpente m\u00e9tallique\">Charpente m\u00e9tallique<\/option><option value=\"Isolation\">Isolation<\/option><option value=\"Installation de cloisons s\u00e8ches\">Installation de cloisons s\u00e8ches<\/option><option value=\"Pl\u00e2trage\">Pl\u00e2trage<\/option><option value=\"Plafonds suspendus\">Plafonds suspendus<\/option><option value=\"Dalles et panneaux acoustiques\">Dalles et panneaux acoustiques<\/option><option value=\"Peinture\">Peinture<\/option><option value=\"Plancher structurel\">Plancher structurel<\/option><option value=\"Plancher non-structurel\">Plancher non-structurel<\/option><\/select><\/span>\n\t\t\t<\/p>\n\t\t<\/div>\n\t<\/div>\n\t<div class=\"row\">\n\t\t<div class=\"column-message\">\n\t\t\t<p><span class=\"wpcf7-form-control-wrap\" data-name=\"your-message\"><textarea cols=\"40\" rows=\"3\" maxlength=\"2000\" class=\"wpcf7-form-control wpcf7-textarea\" aria-invalid=\"false\" placeholder=\"Informations sur le projet\" name=\"your-message\"><\/textarea><\/span>\n\t\t\t<\/p>\n\t\t<\/div>\n\t<\/div>\n\t<div class=\"ct-button elementor-button-type-outline elementor-widget-rebuilto-button\">\n\t\t<p><button class=\"elementor-button\" type=\"submit\"><span class=\"elementor-button-text\" data-name=\"Envoyer\"><span>Envoyer<\/span><\/span><span class=\"elementor-button-icon elementor-align-icon-right\"><i aria-hidden=\"true\" class=\"rebuilto-icon- rebuilto-icon-arrow-up-right\"><\/i><\/span><\/button>\n\t\t<\/p>\n\t<\/div>\n<\/div><div class=\"wpcf7-response-output\" aria-hidden=\"true\"><\/div>\n<\/form>\n<\/div>\n\t\t<\/div>\n\t\t\t\t<\/div>\n\t\t\t\t<\/div>\n\t\t<div class=\"elementor-element elementor-element-fd1bc5a e-con-full e-flex e-con e-child\" data-id=\"fd1bc5a\" data-element_type=\"container\">\n\t\t\t\t<div class=\"elementor-element elementor-element-0845100 elementor-widget elementor-widget-heading\" data-id=\"0845100\" data-element_type=\"widget\" data-widget_type=\"heading.default\">\n\t\t\t\t<div class=\"elementor-widget-container\">\n\t\t\t<h5 class=\"elementor-heading-title elementor-size-default\">Emplacement du bureau<\/h5>\t\t<\/div>\n\t\t\t\t<\/div>\n\t\t\t\t<div class=\"elementor-element elementor-element-18ad9fe elementor-widget elementor-widget-text-editor\" data-id=\"18ad9fe\" data-element_type=\"widget\" data-widget_type=\"text-editor.default\">\n\t\t\t\t<div class=\"elementor-widget-container\">\n\t\t\t\t\t\t\t<p>Nous vous r\u00e9pondrons dans les 24 heures. Vous pouvez \u00e9galement appeler notre bureau.<\/p>\t\t\t\t\t\t<\/div>\n\t\t\t\t<\/div>\n\t\t\t\t<div class=\"elementor-element elementor-element-67ccb92 elementor-widget elementor-widget-image\" data-id=\"67ccb92\" data-element_type=\"widget\" data-widget_type=\"image.default\">\n\t\t\t\t<div class=\"elementor-widget-container\">\n\t\t\t\t\t\t\t\t\t\t\t\t\t<img fetchpriority=\"high\" decoding=\"async\" width=\"1994\" height=\"1270\" src=\"https:\/\/groupetango.com\/wp-content\/uploads\/2024\/11\/5.png\" class=\"attachment-full size-full wp-image-7463\" alt=\"\" srcset=\"https:\/\/groupetango.com\/wp-content\/uploads\/2024\/11\/5.png 1994w, https:\/\/groupetango.com\/wp-content\/uploads\/2024\/11\/5-300x191.png 300w, https:\/\/groupetango.com\/wp-content\/uploads\/2024\/11\/5-1024x652.png 1024w, https:\/\/groupetango.com\/wp-content\/uploads\/2024\/11\/5-768x489.png 768w, https:\/\/groupetango.com\/wp-content\/uploads\/2024\/11\/5-1536x978.png 1536w\" sizes=\"(max-width: 1994px) 100vw, 1994px\" \/>\t\t\t\t\t\t\t\t\t\t\t\t\t<\/div>\n\t\t\t\t<\/div>\n\t\t\t\t<div class=\"elementor-element elementor-element-8f71bd5 elementor-widget elementor-widget-text-editor\" data-id=\"8f71bd5\" data-element_type=\"widget\" data-widget_type=\"text-editor.default\">\n\t\t\t\t<div class=\"elementor-widget-container\">\n\t\t\t\t\t\t\t<p>6545 Boul. Henri-Bourassa Ouest,<br \/>Montr\u00e9al, QC H4R 1C8<\/p>\t\t\t\t\t\t<\/div>\n\t\t\t\t<\/div>\n\t\t\t\t<div class=\"elementor-element elementor-element-8080474 elementor-widget elementor-widget-heading\" data-id=\"8080474\" data-element_type=\"widget\" data-widget_type=\"heading.default\">\n\t\t\t\t<div class=\"elementor-widget-container\">\n\t\t\t<p class=\"elementor-heading-title elementor-size-default\"><a href=\"tel:5149551700\">(514) 955-1700<\/a><\/p>\t\t<\/div>\n\t\t\t\t<\/div>\n\t\t\t\t<div class=\"elementor-element elementor-element-ae6f8f3 elementor-widget elementor-widget-text-editor\" data-id=\"ae6f8f3\" data-element_type=\"widget\" data-widget_type=\"text-editor.default\">\n\t\t\t\t<div class=\"elementor-widget-container\">\n\t\t\t\t\t\t\t<p><a href=\"mailto:soumission@groupetango.com\">soumission@groupetango.com<\/a><\/p>\t\t\t\t\t\t<\/div>\n\t\t\t\t<\/div>\n\t\t\t\t<\/div>\n\t\t\t\t\t<\/div>\n\t\t\t\t<\/div>\n\t\t<div class=\"elementor-element elementor-element-6377111 e-con-full e-flex e-con e-parent\" data-id=\"6377111\" data-element_type=\"container\">\n\t\t\t\t<div class=\"elementor-element elementor-element-0ee0fc8 elementor-widget elementor-widget-google_maps\" data-id=\"0ee0fc8\" data-element_type=\"widget\" data-widget_type=\"google_maps.default\">\n\t\t\t\t<div class=\"elementor-widget-container\">\n\t\t\t\t\t<div class=\"elementor-custom-embed\">\n\t\t\t<iframe loading=\"lazy\"\n\t\t\t\t\tsrc=\"https:\/\/maps.google.com\/maps?q=6545%2C%20Boul.%20Henri-Bourassa%20Ouest%20St-Laurent%2C%20Qu%C3%A9bec%20H4R%201C8&#038;t=m&#038;z=12&#038;output=embed&#038;iwloc=near\"\n\t\t\t\t\ttitle=\"6545, Boul. Henri-Bourassa Ouest St-Laurent, Qu\u00e9bec H4R 1C8\"\n\t\t\t\t\taria-label=\"6545, Boul. Henri-Bourassa Ouest St-Laurent, Qu\u00e9bec H4R 1C8\"\n\t\t\t><\/iframe>\n\t\t<\/div>\n\t\t\t\t<\/div>\n\t\t\t\t<\/div>\n\t\t\t\t<\/div>\n\t\t\t\t<\/div>\n\t\t","protected":false},"excerpt":{"rendered":"<p>entrer en contact. Nous aimerions vous entendre Demande d&rsquo;information Pour plus d&rsquo;informations et comment nous pouvons r\u00e9pondre \u00e0 vos besoins, veuillez remplir le formulaire ci-dessous et un membre de notre \u00e9quipe vous contactera. ServiceCharpente m\u00e9talliqueIsolationInstallation de cloisons s\u00e8chesPl\u00e2tragePlafonds suspendusDalles et panneaux acoustiquesPeinturePlancher structurelPlancher non-structurel Envoyer Emplacement du bureau Nous vous r\u00e9pondrons dans les 24 heures. [&hellip;]<\/p>\n","protected":false},"author":4,"featured_media":0,"parent":0,"menu_order":0,"comment_status":"closed","ping_status":"closed","template":"template-homepage.php","meta":{"footnotes":""},"class_list":["post-8116","page","type-page","status-publish","hentry"],"yoast_head":"<!-- This site is optimized with the Yoast SEO plugin v24.6 - https:\/\/yoast.com\/wordpress\/plugins\/seo\/ -->\n<title>Contact - Tango Construction - Sp\u00e9cialis\u00e9 dans les syst\u00e8mes int\u00e9rieurs<\/title>\n<meta name=\"robots\" content=\"index, follow, max-snippet:-1, max-image-preview:large, max-video-preview:-1\" \/>\n<link rel=\"canonical\" href=\"https:\/\/groupetango.com\/fr\/contact\/\" \/>\n<meta property=\"og:locale\" content=\"fr_FR\" \/>\n<meta property=\"og:type\" content=\"article\" \/>\n<meta property=\"og:title\" content=\"Contact - Tango Construction - Sp\u00e9cialis\u00e9 dans les syst\u00e8mes int\u00e9rieurs\" \/>\n<meta property=\"og:description\" content=\"entrer en contact. Nous aimerions vous entendre Demande d&rsquo;information Pour plus d&rsquo;informations et comment nous pouvons r\u00e9pondre \u00e0 vos besoins, veuillez remplir le formulaire ci-dessous et un membre de notre \u00e9quipe vous contactera. ServiceCharpente m\u00e9talliqueIsolationInstallation de cloisons s\u00e8chesPl\u00e2tragePlafonds suspendusDalles et panneaux acoustiquesPeinturePlancher structurelPlancher non-structurel Envoyer Emplacement du bureau Nous vous r\u00e9pondrons dans les 24 heures. [&hellip;]\" \/>\n<meta property=\"og:url\" content=\"https:\/\/groupetango.com\/fr\/contact\/\" \/>\n<meta property=\"og:site_name\" content=\"Tango Construction\" \/>\n<meta property=\"article:modified_time\" content=\"2025-08-26T20:38:20+00:00\" \/>\n<meta property=\"og:image\" content=\"https:\/\/groupetango.com\/wp-content\/uploads\/2024\/11\/5-1024x652.png\" \/>\n\t<meta property=\"og:image:width\" content=\"1024\" \/>\n\t<meta property=\"og:image:height\" content=\"652\" \/>\n\t<meta property=\"og:image:type\" content=\"image\/png\" \/>\n<meta name=\"twitter:card\" content=\"summary_large_image\" \/>\n<meta name=\"twitter:label1\" content=\"Dur\u00e9e de lecture estim\u00e9e\" \/>\n\t<meta name=\"twitter:data1\" content=\"1 minute\" \/>\n<script type=\"application\/ld+json\" class=\"yoast-schema-graph\">{\"@context\":\"https:\/\/schema.org\",\"@graph\":[{\"@type\":\"WebPage\",\"@id\":\"https:\/\/groupetango.com\/fr\/contact\/\",\"url\":\"https:\/\/groupetango.com\/fr\/contact\/\",\"name\":\"Contact - Tango Construction - Sp\u00e9cialis\u00e9 dans les syst\u00e8mes int\u00e9rieurs\",\"isPartOf\":{\"@id\":\"https:\/\/groupetango.com\/#website\"},\"primaryImageOfPage\":{\"@id\":\"https:\/\/groupetango.com\/fr\/contact\/#primaryimage\"},\"image\":{\"@id\":\"https:\/\/groupetango.com\/fr\/contact\/#primaryimage\"},\"thumbnailUrl\":\"https:\/\/groupetango.com\/wp-content\/uploads\/2024\/11\/5.png\",\"datePublished\":\"2024-03-25T02:47:55+00:00\",\"dateModified\":\"2025-08-26T20:38:20+00:00\",\"breadcrumb\":{\"@id\":\"https:\/\/groupetango.com\/fr\/contact\/#breadcrumb\"},\"inLanguage\":\"fr-FR\",\"potentialAction\":[{\"@type\":\"ReadAction\",\"target\":[\"https:\/\/groupetango.com\/fr\/contact\/\"]}]},{\"@type\":\"ImageObject\",\"inLanguage\":\"fr-FR\",\"@id\":\"https:\/\/groupetango.com\/fr\/contact\/#primaryimage\",\"url\":\"https:\/\/groupetango.com\/wp-content\/uploads\/2024\/11\/5.png\",\"contentUrl\":\"https:\/\/groupetango.com\/wp-content\/uploads\/2024\/11\/5.png\"},{\"@type\":\"BreadcrumbList\",\"@id\":\"https:\/\/groupetango.com\/fr\/contact\/#breadcrumb\",\"itemListElement\":[{\"@type\":\"ListItem\",\"position\":1,\"name\":\"Home\",\"item\":\"https:\/\/groupetango.com\/fr\/\"},{\"@type\":\"ListItem\",\"position\":2,\"name\":\"Contact\"}]},{\"@type\":\"WebSite\",\"@id\":\"https:\/\/groupetango.com\/#website\",\"url\":\"https:\/\/groupetango.com\/\",\"name\":\"Tango Construction\",\"description\":\"Sp\u00e9cialis\u00e9 dans les syst\u00e8mes int\u00e9rieurs\",\"publisher\":{\"@id\":\"https:\/\/groupetango.com\/#organization\"},\"potentialAction\":[{\"@type\":\"SearchAction\",\"target\":{\"@type\":\"EntryPoint\",\"urlTemplate\":\"https:\/\/groupetango.com\/?s={search_term_string}\"},\"query-input\":{\"@type\":\"PropertyValueSpecification\",\"valueRequired\":true,\"valueName\":\"search_term_string\"}}],\"inLanguage\":\"fr-FR\"},{\"@type\":\"Organization\",\"@id\":\"https:\/\/groupetango.com\/#organization\",\"name\":\"Tango Construction\",\"url\":\"https:\/\/groupetango.com\/\",\"logo\":{\"@type\":\"ImageObject\",\"inLanguage\":\"fr-FR\",\"@id\":\"https:\/\/groupetango.com\/#\/schema\/logo\/image\/\",\"url\":\"https:\/\/groupetango.com\/wp-content\/uploads\/2025\/08\/cropped-cropped-tango-black-logo.png\",\"contentUrl\":\"https:\/\/groupetango.com\/wp-content\/uploads\/2025\/08\/cropped-cropped-tango-black-logo.png\",\"width\":500,\"height\":127,\"caption\":\"Tango Construction\"},\"image\":{\"@id\":\"https:\/\/groupetango.com\/#\/schema\/logo\/image\/\"}}]}<\/script>\n<!-- \/ Yoast SEO plugin. -->","yoast_head_json":{"title":"Contact - Tango Construction - Sp\u00e9cialis\u00e9 dans les syst\u00e8mes int\u00e9rieurs","robots":{"index":"index","follow":"follow","max-snippet":"max-snippet:-1","max-image-preview":"max-image-preview:large","max-video-preview":"max-video-preview:-1"},"canonical":"https:\/\/groupetango.com\/fr\/contact\/","og_locale":"fr_FR","og_type":"article","og_title":"Contact - Tango Construction - Sp\u00e9cialis\u00e9 dans les syst\u00e8mes int\u00e9rieurs","og_description":"entrer en contact. Nous aimerions vous entendre Demande d&rsquo;information Pour plus d&rsquo;informations et comment nous pouvons r\u00e9pondre \u00e0 vos besoins, veuillez remplir le formulaire ci-dessous et un membre de notre \u00e9quipe vous contactera. ServiceCharpente m\u00e9talliqueIsolationInstallation de cloisons s\u00e8chesPl\u00e2tragePlafonds suspendusDalles et panneaux acoustiquesPeinturePlancher structurelPlancher non-structurel Envoyer Emplacement du bureau Nous vous r\u00e9pondrons dans les 24 heures. [&hellip;]","og_url":"https:\/\/groupetango.com\/fr\/contact\/","og_site_name":"Tango Construction","article_modified_time":"2025-08-26T20:38:20+00:00","og_image":[{"width":1024,"height":652,"url":"https:\/\/groupetango.com\/wp-content\/uploads\/2024\/11\/5-1024x652.png","type":"image\/png"}],"twitter_card":"summary_large_image","twitter_misc":{"Dur\u00e9e de lecture estim\u00e9e":"1 minute"},"schema":{"@context":"https:\/\/schema.org","@graph":[{"@type":"WebPage","@id":"https:\/\/groupetango.com\/fr\/contact\/","url":"https:\/\/groupetango.com\/fr\/contact\/","name":"Contact - Tango Construction - Sp\u00e9cialis\u00e9 dans les syst\u00e8mes int\u00e9rieurs","isPartOf":{"@id":"https:\/\/groupetango.com\/#website"},"primaryImageOfPage":{"@id":"https:\/\/groupetango.com\/fr\/contact\/#primaryimage"},"image":{"@id":"https:\/\/groupetango.com\/fr\/contact\/#primaryimage"},"thumbnailUrl":"https:\/\/groupetango.com\/wp-content\/uploads\/2024\/11\/5.png","datePublished":"2024-03-25T02:47:55+00:00","dateModified":"2025-08-26T20:38:20+00:00","breadcrumb":{"@id":"https:\/\/groupetango.com\/fr\/contact\/#breadcrumb"},"inLanguage":"fr-FR","potentialAction":[{"@type":"ReadAction","target":["https:\/\/groupetango.com\/fr\/contact\/"]}]},{"@type":"ImageObject","inLanguage":"fr-FR","@id":"https:\/\/groupetango.com\/fr\/contact\/#primaryimage","url":"https:\/\/groupetango.com\/wp-content\/uploads\/2024\/11\/5.png","contentUrl":"https:\/\/groupetango.com\/wp-content\/uploads\/2024\/11\/5.png"},{"@type":"BreadcrumbList","@id":"https:\/\/groupetango.com\/fr\/contact\/#breadcrumb","itemListElement":[{"@type":"ListItem","position":1,"name":"Home","item":"https:\/\/groupetango.com\/fr\/"},{"@type":"ListItem","position":2,"name":"Contact"}]},{"@type":"WebSite","@id":"https:\/\/groupetango.com\/#website","url":"https:\/\/groupetango.com\/","name":"Tango Construction","description":"Sp\u00e9cialis\u00e9 dans les syst\u00e8mes int\u00e9rieurs","publisher":{"@id":"https:\/\/groupetango.com\/#organization"},"potentialAction":[{"@type":"SearchAction","target":{"@type":"EntryPoint","urlTemplate":"https:\/\/groupetango.com\/?s={search_term_string}"},"query-input":{"@type":"PropertyValueSpecification","valueRequired":true,"valueName":"search_term_string"}}],"inLanguage":"fr-FR"},{"@type":"Organization","@id":"https:\/\/groupetango.com\/#organization","name":"Tango Construction","url":"https:\/\/groupetango.com\/","logo":{"@type":"ImageObject","inLanguage":"fr-FR","@id":"https:\/\/groupetango.com\/#\/schema\/logo\/image\/","url":"https:\/\/groupetango.com\/wp-content\/uploads\/2025\/08\/cropped-cropped-tango-black-logo.png","contentUrl":"https:\/\/groupetango.com\/wp-content\/uploads\/2025\/08\/cropped-cropped-tango-black-logo.png","width":500,"height":127,"caption":"Tango Construction"},"image":{"@id":"https:\/\/groupetango.com\/#\/schema\/logo\/image\/"}}]}},"_links":{"self":[{"href":"https:\/\/groupetango.com\/fr\/wp-json\/wp\/v2\/pages\/8116","targetHints":{"allow":["GET"]}}],"collection":[{"href":"https:\/\/groupetango.com\/fr\/wp-json\/wp\/v2\/pages"}],"about":[{"href":"https:\/\/groupetango.com\/fr\/wp-json\/wp\/v2\/types\/page"}],"author":[{"embeddable":true,"href":"https:\/\/groupetango.com\/fr\/wp-json\/wp\/v2\/users\/4"}],"replies":[{"embeddable":true,"href":"https:\/\/groupetango.com\/fr\/wp-json\/wp\/v2\/comments?post=8116"}],"version-history":[{"count":28,"href":"https:\/\/groupetango.com\/fr\/wp-json\/wp\/v2\/pages\/8116\/revisions"}],"predecessor-version":[{"id":8986,"href":"https:\/\/groupetango.com\/fr\/wp-json\/wp\/v2\/pages\/8116\/revisions\/8986"}],"wp:attachment":[{"href":"https:\/\/groupetango.com\/fr\/wp-json\/wp\/v2\/media?parent=8116"}],"curies":[{"name":"wp","href":"https:\/\/api.w.org\/{rel}","templated":true}]}}