{"id":8133,"date":"2024-03-25T02:45:00","date_gmt":"2024-03-25T02:45:00","guid":{"rendered":"https:\/\/groupetango.com\/our-ceo\/"},"modified":"2025-08-26T20:37:06","modified_gmt":"2025-08-26T20:37:06","slug":"notre-pdg","status":"publish","type":"page","link":"https:\/\/groupetango.com\/fr\/notre-pdg\/","title":{"rendered":"Notre PDG"},"content":{"rendered":"\t\t<div data-elementor-type=\"wp-page\" data-elementor-id=\"8133\" class=\"elementor elementor-8133 elementor-34\">\n\t\t\t\t<div class=\"elementor-element elementor-element-bb91a66 e-flex e-con-boxed e-con e-parent\" data-id=\"bb91a66\" data-element_type=\"container\" data-settings=\"{&quot;background_background&quot;:&quot;classic&quot;}\">\n\t\t\t\t\t<div class=\"e-con-inner\">\n\t\t\t\t<div class=\"elementor-element elementor-element-b65363f elementor-absolute e-transform elementor-view-default elementor-widget elementor-widget-icon\" data-id=\"b65363f\" data-element_type=\"widget\" data-settings=\"{&quot;_position&quot;:&quot;absolute&quot;,&quot;_transform_flipY_effect&quot;:&quot;transform&quot;}\" data-widget_type=\"icon.default\">\n\t\t\t\t<div class=\"elementor-widget-container\">\n\t\t\t\t\t<div class=\"elementor-icon-wrapper\">\n\t\t\t<div class=\"elementor-icon\">\n\t\t\t<svg xmlns=\"http:\/\/www.w3.org\/2000\/svg\" width=\"1229\" height=\"818\" viewBox=\"0 0 1229 818\" fill=\"none\"><path d=\"M614.659 245.462L614.529 245.625L614.399 245.462L614.012 245.98C471.766 436.536 329.84 626.683 187.448 817.5H1.00094C102.89 681.862 204.787 546.224 306.684 410.586L307.65 409.3L309.397 406.974C411.101 271.594 512.804 136.213 614.5 0.832502C715.777 135.655 817.061 270.477 918.345 405.3L921.35 409.3C1023.57 545.367 1125.79 681.433 1228 817.5H1041.61C958.84 706.587 876.236 595.919 793.646 485.268C734.125 405.525 674.611 325.791 615.046 245.981L614.659 245.462Z\" stroke=\"#DFE1E7\"><\/path><\/svg>\t\t\t<\/div>\n\t\t<\/div>\n\t\t\t\t<\/div>\n\t\t\t\t<\/div>\n\t\t<div class=\"elementor-element elementor-element-7028512 e-flex e-con-boxed e-con e-child\" data-id=\"7028512\" data-element_type=\"container\">\n\t\t\t\t\t<div class=\"e-con-inner\">\n\t\t<div class=\"elementor-element elementor-element-2f3dbb8 e-con-full e-flex e-con e-child\" data-id=\"2f3dbb8\" data-element_type=\"container\">\n\t\t<div class=\"elementor-element elementor-element-aa704f5 e-con-full e-flex e-con e-child\" data-id=\"aa704f5\" data-element_type=\"container\">\n\t\t\t\t<div class=\"elementor-element elementor-element-e8d4d0c elementor-widget__width-initial animated-fast elementor-widget-divider--view-line elementor-invisible elementor-widget elementor-widget-divider\" data-id=\"e8d4d0c\" data-element_type=\"widget\" data-settings=\"{&quot;_animation&quot;:&quot;slideInRight&quot;}\" data-widget_type=\"divider.default\">\n\t\t\t\t<div class=\"elementor-widget-container\">\n\t\t\t\t\t<div class=\"elementor-divider\">\n\t\t\t<span class=\"elementor-divider-separator\">\n\t\t\t\t\t\t<\/span>\n\t\t<\/div>\n\t\t\t\t<\/div>\n\t\t\t\t<\/div>\n\t\t\t\t<div class=\"elementor-element elementor-element-23acf2c animated-fast elementor-invisible elementor-widget elementor-widget-heading\" data-id=\"23acf2c\" data-element_type=\"widget\" data-settings=\"{&quot;_animation&quot;:&quot;opal-scale-up&quot;}\" data-widget_type=\"heading.default\">\n\t\t\t\t<div class=\"elementor-widget-container\">\n\t\t\t<p class=\"elementor-heading-title elementor-size-default\">pdg - fondatrice<\/p>\t\t<\/div>\n\t\t\t\t<\/div>\n\t\t\t\t<\/div>\n\t\t\t\t<div class=\"elementor-element elementor-element-6d9fa12 elementor-widget__width-initial animated-fast elementor-invisible elementor-widget elementor-widget-heading\" data-id=\"6d9fa12\" data-element_type=\"widget\" data-settings=\"{&quot;_animation&quot;:&quot;opal-move-left&quot;}\" data-widget_type=\"heading.default\">\n\t\t\t\t<div class=\"elementor-widget-container\">\n\t\t\t<h2 class=\"elementor-heading-title elementor-size-default\">Adele Carciero<\/h2>\t\t<\/div>\n\t\t\t\t<\/div>\n\t\t<div class=\"elementor-element elementor-element-0a77375 e-con-full e-flex e-con e-child\" data-id=\"0a77375\" data-element_type=\"container\">\n\t\t\t\t<div class=\"elementor-element elementor-element-4187a43 elementor-widget elementor-widget-text-editor\" data-id=\"4187a43\" data-element_type=\"widget\" data-widget_type=\"text-editor.default\">\n\t\t\t\t<div class=\"elementor-widget-container\">\n\t\t\t\t\t\t\t<p>Femme d\u2019action et de d\u00e9fis, Adele Carciero \u00e9volue dans le domaine de la construction depuis 2014. Passionn\u00e9e depuis toujours par ce domaine, elle a occup\u00e9 diff\u00e9rents postes dans de multiples secteurs du milieu des affaires en op\u00e9rations, marketing et juridique. Visionnaire et d\u00e9termin\u00e9e, elle a su se tailler une place dans le milieu de la construction.<\/p><p>Son \u00e9quipe passionn\u00e9e, son d\u00e9sir d\u2019innover et sa volont\u00e9 de rechercher constamment l\u2019am\u00e9lioration continue ont contribu\u00e9 \u00e0 mener le Groupe Tango au rang d\u2019entreprise d\u2019envergure.<\/p><p>Au cours des derni\u00e8res ann\u00e9es, Adele s\u2019est orient\u00e9e vers le d\u00e9veloppement immobilier et la gestion immobili\u00e8re. De plus, elle poss\u00e8de une autre entreprise, Groupe Tritan, qui r\u00e9alise la construction de ses projets immobiliers.<\/p><p>En 2021, elle figurait parmi les 25 femmes en nomination pour les Prix canadiens de l\u2019entrepreneuriat f\u00e9minin RBC, \u00ab le plus important programme national de prix c\u00e9l\u00e9brant les r\u00e9alisations des plus performantes de ce groupe inspirant \u00bb.<\/p><p>Adele si\u00e9geait \u00e9galement au conseil d\u2019administration de l\u2019Association Provinciale des Entrepreneurs en Syst\u00e8mes Int\u00e9rieurs du Qu\u00e9bec (APESIQ). L\u2019APESIQ fait la promotion et la d\u00e9fense des int\u00e9r\u00eats de l\u2019industrie des syst\u00e8mes int\u00e9rieurs du Qu\u00e9bec et des membres de l\u2019Association.<\/p><p>En bref, Adele est toujours \u00e0 l\u2019aff\u00fbt des innovations technologiques pour am\u00e9liorer la performance des employ\u00e9s et de l\u2019entreprise.<\/p>\t\t\t\t\t\t<\/div>\n\t\t\t\t<\/div>\n\t\t\t\t<\/div>\n\t\t<div class=\"elementor-element elementor-element-88ead04 e-con-full e-flex e-con e-child\" data-id=\"88ead04\" data-element_type=\"container\">\n\t\t\t\t<div class=\"elementor-element elementor-element-a7b4ce8 elementor-view-default elementor-widget elementor-widget-icon\" data-id=\"a7b4ce8\" data-element_type=\"widget\" data-widget_type=\"icon.default\">\n\t\t\t\t<div class=\"elementor-widget-container\">\n\t\t\t\t\t<div class=\"elementor-icon-wrapper\">\n\t\t\t<a class=\"elementor-icon elementor-animation-shrink\" href=\"#\">\n\t\t\t<svg aria-hidden=\"true\" class=\"e-font-icon-svg e-fab-facebook-square\" viewBox=\"0 0 448 512\" xmlns=\"http:\/\/www.w3.org\/2000\/svg\"><path d=\"M400 32H48A48 48 0 0 0 0 80v352a48 48 0 0 0 48 48h137.25V327.69h-63V256h63v-54.64c0-62.15 37-96.48 93.67-96.48 27.14 0 55.52 4.84 55.52 4.84v61h-31.27c-30.81 0-40.42 19.12-40.42 38.73V256h68.78l-11 71.69h-57.78V480H400a48 48 0 0 0 48-48V80a48 48 0 0 0-48-48z\"><\/path><\/svg>\t\t\t<\/a>\n\t\t<\/div>\n\t\t\t\t<\/div>\n\t\t\t\t<\/div>\n\t\t\t\t<div class=\"elementor-element elementor-element-d97bf43 elementor-view-default elementor-widget elementor-widget-icon\" data-id=\"d97bf43\" data-element_type=\"widget\" data-widget_type=\"icon.default\">\n\t\t\t\t<div class=\"elementor-widget-container\">\n\t\t\t\t\t<div class=\"elementor-icon-wrapper\">\n\t\t\t<a class=\"elementor-icon elementor-animation-shrink\" href=\"#\">\n\t\t\t<svg aria-hidden=\"true\" class=\"e-font-icon-svg e-fab-instagram\" viewBox=\"0 0 448 512\" xmlns=\"http:\/\/www.w3.org\/2000\/svg\"><path d=\"M224.1 141c-63.6 0-114.9 51.3-114.9 114.9s51.3 114.9 114.9 114.9S339 319.5 339 255.9 287.7 141 224.1 141zm0 189.6c-41.1 0-74.7-33.5-74.7-74.7s33.5-74.7 74.7-74.7 74.7 33.5 74.7 74.7-33.6 74.7-74.7 74.7zm146.4-194.3c0 14.9-12 26.8-26.8 26.8-14.9 0-26.8-12-26.8-26.8s12-26.8 26.8-26.8 26.8 12 26.8 26.8zm76.1 27.2c-1.7-35.9-9.9-67.7-36.2-93.9-26.2-26.2-58-34.4-93.9-36.2-37-2.1-147.9-2.1-184.9 0-35.8 1.7-67.6 9.9-93.9 36.1s-34.4 58-36.2 93.9c-2.1 37-2.1 147.9 0 184.9 1.7 35.9 9.9 67.7 36.2 93.9s58 34.4 93.9 36.2c37 2.1 147.9 2.1 184.9 0 35.9-1.7 67.7-9.9 93.9-36.2 26.2-26.2 34.4-58 36.2-93.9 2.1-37 2.1-147.8 0-184.8zM398.8 388c-7.8 19.6-22.9 34.7-42.6 42.6-29.5 11.7-99.5 9-132.1 9s-102.7 2.6-132.1-9c-19.6-7.8-34.7-22.9-42.6-42.6-11.7-29.5-9-99.5-9-132.1s-2.6-102.7 9-132.1c7.8-19.6 22.9-34.7 42.6-42.6 29.5-11.7 99.5-9 132.1-9s102.7-2.6 132.1 9c19.6 7.8 34.7 22.9 42.6 42.6 11.7 29.5 9 99.5 9 132.1s2.7 102.7-9 132.1z\"><\/path><\/svg>\t\t\t<\/a>\n\t\t<\/div>\n\t\t\t\t<\/div>\n\t\t\t\t<\/div>\n\t\t\t\t<div class=\"elementor-element elementor-element-08546a2 elementor-view-default elementor-widget elementor-widget-icon\" data-id=\"08546a2\" data-element_type=\"widget\" data-widget_type=\"icon.default\">\n\t\t\t\t<div class=\"elementor-widget-container\">\n\t\t\t\t\t<div class=\"elementor-icon-wrapper\">\n\t\t\t<a class=\"elementor-icon elementor-animation-shrink\" href=\"#\">\n\t\t\t<svg aria-hidden=\"true\" class=\"e-font-icon-svg e-fab-linkedin\" viewBox=\"0 0 448 512\" xmlns=\"http:\/\/www.w3.org\/2000\/svg\"><path d=\"M416 32H31.9C14.3 32 0 46.5 0 64.3v383.4C0 465.5 14.3 480 31.9 480H416c17.6 0 32-14.5 32-32.3V64.3c0-17.8-14.4-32.3-32-32.3zM135.4 416H69V202.2h66.5V416zm-33.2-243c-21.3 0-38.5-17.3-38.5-38.5S80.9 96 102.2 96c21.2 0 38.5 17.3 38.5 38.5 0 21.3-17.2 38.5-38.5 38.5zm282.1 243h-66.4V312c0-24.8-.5-56.7-34.5-56.7-34.6 0-39.9 27-39.9 54.9V416h-66.4V202.2h63.7v29.2h.9c8.9-16.8 30.6-34.5 62.9-34.5 67.2 0 79.7 44.3 79.7 101.9V416z\"><\/path><\/svg>\t\t\t<\/a>\n\t\t<\/div>\n\t\t\t\t<\/div>\n\t\t\t\t<\/div>\n\t\t\t\t<\/div>\n\t\t\t\t<\/div>\n\t\t<div class=\"elementor-element elementor-element-2055bd8 e-con-full e-flex e-con e-child\" data-id=\"2055bd8\" data-element_type=\"container\">\n\t\t\t\t<div class=\"elementor-element elementor-element-4ebbf04 elementor-widget elementor-widget-image\" data-id=\"4ebbf04\" data-element_type=\"widget\" data-widget_type=\"image.default\">\n\t\t\t\t<div class=\"elementor-widget-container\">\n\t\t\t\t\t\t\t\t\t\t\t\t\t<img fetchpriority=\"high\" decoding=\"async\" width=\"900\" height=\"573\" src=\"https:\/\/groupetango.com\/wp-content\/uploads\/2024\/11\/5-1024x652.png\" class=\"attachment-large size-large wp-image-8084\" alt=\"\" srcset=\"https:\/\/groupetango.com\/wp-content\/uploads\/2024\/11\/5-1024x652.png 1024w, https:\/\/groupetango.com\/wp-content\/uploads\/2024\/11\/5-300x191.png 300w, https:\/\/groupetango.com\/wp-content\/uploads\/2024\/11\/5-768x489.png 768w, https:\/\/groupetango.com\/wp-content\/uploads\/2024\/11\/5-1536x978.png 1536w, https:\/\/groupetango.com\/wp-content\/uploads\/2024\/11\/5.png 1994w\" sizes=\"(max-width: 900px) 100vw, 900px\" \/>\t\t\t\t\t\t\t\t\t\t\t\t\t<\/div>\n\t\t\t\t<\/div>\n\t\t\t\t<\/div>\n\t\t\t\t\t<\/div>\n\t\t\t\t<\/div>\n\t\t\t\t\t<\/div>\n\t\t\t\t<\/div>\n\t\t\t\t<\/div>\n\t\t","protected":false},"excerpt":{"rendered":"<p>pdg &#8211; fondatrice Adele Carciero Femme d\u2019action et de d\u00e9fis, Adele Carciero \u00e9volue dans le domaine de la construction depuis 2014. Passionn\u00e9e depuis toujours par ce domaine, elle a occup\u00e9 diff\u00e9rents postes dans de multiples secteurs du milieu des affaires en op\u00e9rations, marketing et juridique. Visionnaire et d\u00e9termin\u00e9e, elle a su se tailler une place [&hellip;]<\/p>\n","protected":false},"author":4,"featured_media":0,"parent":0,"menu_order":0,"comment_status":"closed","ping_status":"closed","template":"template-homepage.php","meta":{"footnotes":""},"class_list":["post-8133","page","type-page","status-publish","hentry"],"yoast_head":"<!-- This site is optimized with the Yoast SEO plugin v24.6 - https:\/\/yoast.com\/wordpress\/plugins\/seo\/ -->\n<title>Notre PDG - Tango Construction - Sp\u00e9cialis\u00e9 dans les syst\u00e8mes int\u00e9rieurs<\/title>\n<meta name=\"robots\" content=\"index, follow, max-snippet:-1, max-image-preview:large, max-video-preview:-1\" \/>\n<link rel=\"canonical\" href=\"https:\/\/groupetango.com\/our-ceo\/\" \/>\n<meta property=\"og:locale\" content=\"fr_FR\" \/>\n<meta property=\"og:type\" content=\"article\" \/>\n<meta property=\"og:title\" content=\"Notre PDG - Tango Construction - Sp\u00e9cialis\u00e9 dans les syst\u00e8mes int\u00e9rieurs\" \/>\n<meta property=\"og:description\" content=\"pdg &#8211; fondatrice Adele Carciero Femme d\u2019action et de d\u00e9fis, Adele Carciero \u00e9volue dans le domaine de la construction depuis 2014. Passionn\u00e9e depuis toujours par ce domaine, elle a occup\u00e9 diff\u00e9rents postes dans de multiples secteurs du milieu des affaires en op\u00e9rations, marketing et juridique. Visionnaire et d\u00e9termin\u00e9e, elle a su se tailler une place [&hellip;]\" \/>\n<meta property=\"og:url\" content=\"https:\/\/groupetango.com\/our-ceo\/\" \/>\n<meta property=\"og:site_name\" content=\"Tango Construction\" \/>\n<meta property=\"article:modified_time\" content=\"2025-08-26T20:37:06+00:00\" \/>\n<meta property=\"og:image\" content=\"https:\/\/groupetango.com\/wp-content\/uploads\/2024\/11\/5-1024x652.png\" \/>\n\t<meta property=\"og:image:width\" content=\"1024\" \/>\n\t<meta property=\"og:image:height\" content=\"652\" \/>\n\t<meta property=\"og:image:type\" content=\"image\/png\" \/>\n<meta name=\"twitter:card\" content=\"summary_large_image\" \/>\n<meta name=\"twitter:label1\" content=\"Dur\u00e9e de lecture estim\u00e9e\" \/>\n\t<meta name=\"twitter:data1\" content=\"2 minutes\" \/>\n<script type=\"application\/ld+json\" class=\"yoast-schema-graph\">{\"@context\":\"https:\/\/schema.org\",\"@graph\":[{\"@type\":\"WebPage\",\"@id\":\"https:\/\/groupetango.com\/our-ceo\/\",\"url\":\"https:\/\/groupetango.com\/our-ceo\/\",\"name\":\"Notre PDG - Tango Construction - Sp\u00e9cialis\u00e9 dans les syst\u00e8mes int\u00e9rieurs\",\"isPartOf\":{\"@id\":\"https:\/\/groupetango.com\/#website\"},\"primaryImageOfPage\":{\"@id\":\"https:\/\/groupetango.com\/our-ceo\/#primaryimage\"},\"image\":{\"@id\":\"https:\/\/groupetango.com\/our-ceo\/#primaryimage\"},\"thumbnailUrl\":\"https:\/\/groupetango.com\/wp-content\/uploads\/2024\/11\/5-1024x652.png\",\"datePublished\":\"2024-03-25T02:45:00+00:00\",\"dateModified\":\"2025-08-26T20:37:06+00:00\",\"breadcrumb\":{\"@id\":\"https:\/\/groupetango.com\/our-ceo\/#breadcrumb\"},\"inLanguage\":\"fr-FR\",\"potentialAction\":[{\"@type\":\"ReadAction\",\"target\":[\"https:\/\/groupetango.com\/our-ceo\/\"]}]},{\"@type\":\"ImageObject\",\"inLanguage\":\"fr-FR\",\"@id\":\"https:\/\/groupetango.com\/our-ceo\/#primaryimage\",\"url\":\"https:\/\/groupetango.com\/wp-content\/uploads\/2024\/11\/5-1024x652.png\",\"contentUrl\":\"https:\/\/groupetango.com\/wp-content\/uploads\/2024\/11\/5-1024x652.png\"},{\"@type\":\"BreadcrumbList\",\"@id\":\"https:\/\/groupetango.com\/our-ceo\/#breadcrumb\",\"itemListElement\":[{\"@type\":\"ListItem\",\"position\":1,\"name\":\"Home\",\"item\":\"https:\/\/groupetango.com\/fr\/\"},{\"@type\":\"ListItem\",\"position\":2,\"name\":\"Notre PDG\"}]},{\"@type\":\"WebSite\",\"@id\":\"https:\/\/groupetango.com\/#website\",\"url\":\"https:\/\/groupetango.com\/\",\"name\":\"Tango Construction\",\"description\":\"Sp\u00e9cialis\u00e9 dans les syst\u00e8mes int\u00e9rieurs\",\"publisher\":{\"@id\":\"https:\/\/groupetango.com\/#organization\"},\"potentialAction\":[{\"@type\":\"SearchAction\",\"target\":{\"@type\":\"EntryPoint\",\"urlTemplate\":\"https:\/\/groupetango.com\/?s={search_term_string}\"},\"query-input\":{\"@type\":\"PropertyValueSpecification\",\"valueRequired\":true,\"valueName\":\"search_term_string\"}}],\"inLanguage\":\"fr-FR\"},{\"@type\":\"Organization\",\"@id\":\"https:\/\/groupetango.com\/#organization\",\"name\":\"Tango Construction\",\"url\":\"https:\/\/groupetango.com\/\",\"logo\":{\"@type\":\"ImageObject\",\"inLanguage\":\"fr-FR\",\"@id\":\"https:\/\/groupetango.com\/#\/schema\/logo\/image\/\",\"url\":\"https:\/\/groupetango.com\/wp-content\/uploads\/2025\/08\/cropped-cropped-tango-black-logo.png\",\"contentUrl\":\"https:\/\/groupetango.com\/wp-content\/uploads\/2025\/08\/cropped-cropped-tango-black-logo.png\",\"width\":500,\"height\":127,\"caption\":\"Tango Construction\"},\"image\":{\"@id\":\"https:\/\/groupetango.com\/#\/schema\/logo\/image\/\"}}]}<\/script>\n<!-- \/ Yoast SEO plugin. -->","yoast_head_json":{"title":"Notre PDG - Tango Construction - Sp\u00e9cialis\u00e9 dans les syst\u00e8mes int\u00e9rieurs","robots":{"index":"index","follow":"follow","max-snippet":"max-snippet:-1","max-image-preview":"max-image-preview:large","max-video-preview":"max-video-preview:-1"},"canonical":"https:\/\/groupetango.com\/our-ceo\/","og_locale":"fr_FR","og_type":"article","og_title":"Notre PDG - Tango Construction - Sp\u00e9cialis\u00e9 dans les syst\u00e8mes int\u00e9rieurs","og_description":"pdg &#8211; fondatrice Adele Carciero Femme d\u2019action et de d\u00e9fis, Adele Carciero \u00e9volue dans le domaine de la construction depuis 2014. Passionn\u00e9e depuis toujours par ce domaine, elle a occup\u00e9 diff\u00e9rents postes dans de multiples secteurs du milieu des affaires en op\u00e9rations, marketing et juridique. Visionnaire et d\u00e9termin\u00e9e, elle a su se tailler une place [&hellip;]","og_url":"https:\/\/groupetango.com\/our-ceo\/","og_site_name":"Tango Construction","article_modified_time":"2025-08-26T20:37:06+00:00","og_image":[{"width":1024,"height":652,"url":"https:\/\/groupetango.com\/wp-content\/uploads\/2024\/11\/5-1024x652.png","type":"image\/png"}],"twitter_card":"summary_large_image","twitter_misc":{"Dur\u00e9e de lecture estim\u00e9e":"2 minutes"},"schema":{"@context":"https:\/\/schema.org","@graph":[{"@type":"WebPage","@id":"https:\/\/groupetango.com\/our-ceo\/","url":"https:\/\/groupetango.com\/our-ceo\/","name":"Notre PDG - Tango Construction - Sp\u00e9cialis\u00e9 dans les syst\u00e8mes int\u00e9rieurs","isPartOf":{"@id":"https:\/\/groupetango.com\/#website"},"primaryImageOfPage":{"@id":"https:\/\/groupetango.com\/our-ceo\/#primaryimage"},"image":{"@id":"https:\/\/groupetango.com\/our-ceo\/#primaryimage"},"thumbnailUrl":"https:\/\/groupetango.com\/wp-content\/uploads\/2024\/11\/5-1024x652.png","datePublished":"2024-03-25T02:45:00+00:00","dateModified":"2025-08-26T20:37:06+00:00","breadcrumb":{"@id":"https:\/\/groupetango.com\/our-ceo\/#breadcrumb"},"inLanguage":"fr-FR","potentialAction":[{"@type":"ReadAction","target":["https:\/\/groupetango.com\/our-ceo\/"]}]},{"@type":"ImageObject","inLanguage":"fr-FR","@id":"https:\/\/groupetango.com\/our-ceo\/#primaryimage","url":"https:\/\/groupetango.com\/wp-content\/uploads\/2024\/11\/5-1024x652.png","contentUrl":"https:\/\/groupetango.com\/wp-content\/uploads\/2024\/11\/5-1024x652.png"},{"@type":"BreadcrumbList","@id":"https:\/\/groupetango.com\/our-ceo\/#breadcrumb","itemListElement":[{"@type":"ListItem","position":1,"name":"Home","item":"https:\/\/groupetango.com\/fr\/"},{"@type":"ListItem","position":2,"name":"Notre PDG"}]},{"@type":"WebSite","@id":"https:\/\/groupetango.com\/#website","url":"https:\/\/groupetango.com\/","name":"Tango Construction","description":"Sp\u00e9cialis\u00e9 dans les syst\u00e8mes int\u00e9rieurs","publisher":{"@id":"https:\/\/groupetango.com\/#organization"},"potentialAction":[{"@type":"SearchAction","target":{"@type":"EntryPoint","urlTemplate":"https:\/\/groupetango.com\/?s={search_term_string}"},"query-input":{"@type":"PropertyValueSpecification","valueRequired":true,"valueName":"search_term_string"}}],"inLanguage":"fr-FR"},{"@type":"Organization","@id":"https:\/\/groupetango.com\/#organization","name":"Tango Construction","url":"https:\/\/groupetango.com\/","logo":{"@type":"ImageObject","inLanguage":"fr-FR","@id":"https:\/\/groupetango.com\/#\/schema\/logo\/image\/","url":"https:\/\/groupetango.com\/wp-content\/uploads\/2025\/08\/cropped-cropped-tango-black-logo.png","contentUrl":"https:\/\/groupetango.com\/wp-content\/uploads\/2025\/08\/cropped-cropped-tango-black-logo.png","width":500,"height":127,"caption":"Tango Construction"},"image":{"@id":"https:\/\/groupetango.com\/#\/schema\/logo\/image\/"}}]}},"_links":{"self":[{"href":"https:\/\/groupetango.com\/fr\/wp-json\/wp\/v2\/pages\/8133","targetHints":{"allow":["GET"]}}],"collection":[{"href":"https:\/\/groupetango.com\/fr\/wp-json\/wp\/v2\/pages"}],"about":[{"href":"https:\/\/groupetango.com\/fr\/wp-json\/wp\/v2\/types\/page"}],"author":[{"embeddable":true,"href":"https:\/\/groupetango.com\/fr\/wp-json\/wp\/v2\/users\/4"}],"replies":[{"embeddable":true,"href":"https:\/\/groupetango.com\/fr\/wp-json\/wp\/v2\/comments?post=8133"}],"version-history":[{"count":19,"href":"https:\/\/groupetango.com\/fr\/wp-json\/wp\/v2\/pages\/8133\/revisions"}],"predecessor-version":[{"id":8977,"href":"https:\/\/groupetango.com\/fr\/wp-json\/wp\/v2\/pages\/8133\/revisions\/8977"}],"wp:attachment":[{"href":"https:\/\/groupetango.com\/fr\/wp-json\/wp\/v2\/media?parent=8133"}],"curies":[{"name":"wp","href":"https:\/\/api.w.org\/{rel}","templated":true}]}}