{"id":8139,"date":"2024-09-11T13:19:19","date_gmt":"2024-09-11T13:19:19","guid":{"rendered":"https:\/\/groupetango.com\/services\/"},"modified":"2025-02-21T14:25:32","modified_gmt":"2025-02-21T14:25:32","slug":"services","status":"publish","type":"page","link":"https:\/\/groupetango.com\/fr\/services\/","title":{"rendered":"Services"},"content":{"rendered":"\t\t<div data-elementor-type=\"wp-page\" data-elementor-id=\"8139\" class=\"elementor elementor-8139 elementor-6944\">\n\t\t\t\t<div class=\"elementor-element elementor-element-4d1a8bf e-flex e-con-boxed e-con e-child\" data-id=\"4d1a8bf\" data-element_type=\"container\">\n\t\t\t\t\t<div class=\"e-con-inner\">\n\t\t\t\t<div class=\"elementor-element elementor-element-a1dbbaf animated-fast elementor-invisible elementor-widget elementor-widget-heading\" data-id=\"a1dbbaf\" data-element_type=\"widget\" data-settings=\"{&quot;_animation&quot;:&quot;opal-move-left&quot;}\" data-widget_type=\"heading.default\">\n\t\t\t\t<div class=\"elementor-widget-container\">\n\t\t\t<h2 class=\"elementor-heading-title elementor-size-default\">Ce que nous faisons<\/h2>\t\t<\/div>\n\t\t\t\t<\/div>\n\t\t\t\t\t<\/div>\n\t\t\t\t<\/div>\n\t\t<div class=\"elementor-element elementor-element-ed4abff e-flex e-con-boxed e-con e-parent\" data-id=\"ed4abff\" data-element_type=\"container\">\n\t\t\t\t\t<div class=\"e-con-inner\">\n\t\t\t\t<div class=\"elementor-element elementor-element-57cac78 elementor-service-style-1 overflow-to-none elementor-widget elementor-widget-rebuilto-services\" data-id=\"57cac78\" data-element_type=\"widget\" data-settings=\"{&quot;slides_to_show&quot;:3,&quot;spaceBetween&quot;:{&quot;unit&quot;:&quot;px&quot;,&quot;size&quot;:30,&quot;sizes&quot;:[]},&quot;spaceBetween_laptop&quot;:{&quot;unit&quot;:&quot;px&quot;,&quot;size&quot;:&quot;&quot;,&quot;sizes&quot;:[]},&quot;spaceBetween_tablet_extra&quot;:{&quot;unit&quot;:&quot;px&quot;,&quot;size&quot;:&quot;&quot;,&quot;sizes&quot;:[]},&quot;spaceBetween_tablet&quot;:{&quot;unit&quot;:&quot;px&quot;,&quot;size&quot;:&quot;&quot;,&quot;sizes&quot;:[]},&quot;spaceBetween_mobile_extra&quot;:{&quot;unit&quot;:&quot;px&quot;,&quot;size&quot;:&quot;&quot;,&quot;sizes&quot;:[]},&quot;spaceBetween_mobile&quot;:{&quot;unit&quot;:&quot;px&quot;,&quot;size&quot;:&quot;&quot;,&quot;sizes&quot;:[]},&quot;swiper_overflow&quot;:&quot;none&quot;,&quot;navigation&quot;:&quot;none&quot;,&quot;enable_scrollbar&quot;:&quot;no&quot;,&quot;autoplay&quot;:&quot;yes&quot;,&quot;pause_on_hover&quot;:&quot;yes&quot;,&quot;pause_on_interaction&quot;:&quot;yes&quot;,&quot;autoplay_speed&quot;:5000,&quot;infinite&quot;:&quot;yes&quot;,&quot;speed&quot;:500}\" data-widget_type=\"rebuilto-services.default\">\n\t\t\t\t<div class=\"elementor-widget-container\">\n\t\t\t        <div class=\"elementor-service-wrapper\">\n            <div class=\"d-grid\">\n                                    <div class=\"grid-item\">\n                        <div class=\"service-item service-style-1\">\n    <div class=\"service-inner\">\n        <div class=\"service-post-thumbnail\">\n                            <img fetchpriority=\"high\" decoding=\"async\" width=\"768\" height=\"512\" src=\"https:\/\/groupetango.com\/wp-content\/uploads\/2024\/03\/metal-768x512.jpg\" class=\"attachment-medium_large size-medium_large wp-post-image\" alt=\"\" srcset=\"https:\/\/groupetango.com\/wp-content\/uploads\/2024\/03\/metal-768x512.jpg 768w, https:\/\/groupetango.com\/wp-content\/uploads\/2024\/03\/metal-300x200.jpg 300w, https:\/\/groupetango.com\/wp-content\/uploads\/2024\/03\/metal.jpg 1000w\" sizes=\"(max-width: 768px) 100vw, 768px\" \/>                    <\/div>\n        <div class=\"service-content\">\n            <h3 class=\"service-title delta\">Charpente m\u00e9tallique<\/h3>\n            <span class=\"service-more-link style-icon\"><i class=\"rebuilto-icon-arrow-up-right\"><\/i><\/span>\n        <\/div>\n        <a class=\"overlay-link\" href=\"https:\/\/groupetango.com\/fr\/services\/charpente-metallique\/\"><\/a>\n    <\/div>\n<\/div>\n                    <\/div>\n                                        <div class=\"grid-item\">\n                        <div class=\"service-item service-style-1\">\n    <div class=\"service-inner\">\n        <div class=\"service-post-thumbnail\">\n                            <img decoding=\"async\" width=\"768\" height=\"512\" src=\"https:\/\/groupetango.com\/wp-content\/uploads\/2024\/03\/insulation-2-768x512.jpg\" class=\"attachment-medium_large size-medium_large wp-post-image\" alt=\"\" srcset=\"https:\/\/groupetango.com\/wp-content\/uploads\/2024\/03\/insulation-2-768x512.jpg 768w, https:\/\/groupetango.com\/wp-content\/uploads\/2024\/03\/insulation-2-300x200.jpg 300w, https:\/\/groupetango.com\/wp-content\/uploads\/2024\/03\/insulation-2.jpg 1000w\" sizes=\"(max-width: 768px) 100vw, 768px\" \/>                    <\/div>\n        <div class=\"service-content\">\n            <h3 class=\"service-title delta\">Isolation et insonorisation<\/h3>\n            <span class=\"service-more-link style-icon\"><i class=\"rebuilto-icon-arrow-up-right\"><\/i><\/span>\n        <\/div>\n        <a class=\"overlay-link\" href=\"https:\/\/groupetango.com\/fr\/services\/solation-et-insonorisation\/\"><\/a>\n    <\/div>\n<\/div>\n                    <\/div>\n                                        <div class=\"grid-item\">\n                        <div class=\"service-item service-style-1\">\n    <div class=\"service-inner\">\n        <div class=\"service-post-thumbnail\">\n                            <img decoding=\"async\" width=\"768\" height=\"512\" src=\"https:\/\/groupetango.com\/wp-content\/uploads\/2024\/03\/gypses-768x512.jpg\" class=\"attachment-medium_large size-medium_large wp-post-image\" alt=\"\" srcset=\"https:\/\/groupetango.com\/wp-content\/uploads\/2024\/03\/gypses-768x512.jpg 768w, https:\/\/groupetango.com\/wp-content\/uploads\/2024\/03\/gypses-300x200.jpg 300w, https:\/\/groupetango.com\/wp-content\/uploads\/2024\/03\/gypses.jpg 1000w\" sizes=\"(max-width: 768px) 100vw, 768px\" \/>                    <\/div>\n        <div class=\"service-content\">\n            <h3 class=\"service-title delta\">Installation de cloisons s\u00e8ches<\/h3>\n            <span class=\"service-more-link style-icon\"><i class=\"rebuilto-icon-arrow-up-right\"><\/i><\/span>\n        <\/div>\n        <a class=\"overlay-link\" href=\"https:\/\/groupetango.com\/fr\/services\/installation-de-cloisons-seches\/\"><\/a>\n    <\/div>\n<\/div>\n                    <\/div>\n                                        <div class=\"grid-item\">\n                        <div class=\"service-item service-style-1\">\n    <div class=\"service-inner\">\n        <div class=\"service-post-thumbnail\">\n                            <img loading=\"lazy\" decoding=\"async\" width=\"768\" height=\"512\" src=\"https:\/\/groupetango.com\/wp-content\/uploads\/2024\/03\/ceilings-768x512.jpg\" class=\"attachment-medium_large size-medium_large wp-post-image\" alt=\"\" srcset=\"https:\/\/groupetango.com\/wp-content\/uploads\/2024\/03\/ceilings-768x512.jpg 768w, https:\/\/groupetango.com\/wp-content\/uploads\/2024\/03\/ceilings-300x200.jpg 300w, https:\/\/groupetango.com\/wp-content\/uploads\/2024\/03\/ceilings.jpg 1000w\" sizes=\"(max-width: 768px) 100vw, 768px\" \/>                    <\/div>\n        <div class=\"service-content\">\n            <h3 class=\"service-title delta\">Plafonds suspendus<\/h3>\n            <span class=\"service-more-link style-icon\"><i class=\"rebuilto-icon-arrow-up-right\"><\/i><\/span>\n        <\/div>\n        <a class=\"overlay-link\" href=\"https:\/\/groupetango.com\/fr\/services\/plafonds-suspendus\/\"><\/a>\n    <\/div>\n<\/div>\n                    <\/div>\n                                        <div class=\"grid-item\">\n                        <div class=\"service-item service-style-1\">\n    <div class=\"service-inner\">\n        <div class=\"service-post-thumbnail\">\n                            <img loading=\"lazy\" decoding=\"async\" width=\"768\" height=\"512\" src=\"https:\/\/groupetango.com\/wp-content\/uploads\/2024\/03\/plastering-768x512.jpg\" class=\"attachment-medium_large size-medium_large wp-post-image\" alt=\"\" srcset=\"https:\/\/groupetango.com\/wp-content\/uploads\/2024\/03\/plastering-768x512.jpg 768w, https:\/\/groupetango.com\/wp-content\/uploads\/2024\/03\/plastering-300x200.jpg 300w, https:\/\/groupetango.com\/wp-content\/uploads\/2024\/03\/plastering.jpg 1000w\" sizes=\"(max-width: 768px) 100vw, 768px\" \/>                    <\/div>\n        <div class=\"service-content\">\n            <h3 class=\"service-title delta\">Travaux de pl\u00e2trage<\/h3>\n            <span class=\"service-more-link style-icon\"><i class=\"rebuilto-icon-arrow-up-right\"><\/i><\/span>\n        <\/div>\n        <a class=\"overlay-link\" href=\"https:\/\/groupetango.com\/fr\/services\/travaux-de-platrage\/\"><\/a>\n    <\/div>\n<\/div>\n                    <\/div>\n                                        <div class=\"grid-item\">\n                        <div class=\"service-item service-style-1\">\n    <div class=\"service-inner\">\n        <div class=\"service-post-thumbnail\">\n                            <img loading=\"lazy\" decoding=\"async\" width=\"768\" height=\"576\" src=\"https:\/\/groupetango.com\/wp-content\/uploads\/2024\/03\/2250-768x576.jpg\" class=\"attachment-medium_large size-medium_large wp-post-image\" alt=\"\" srcset=\"https:\/\/groupetango.com\/wp-content\/uploads\/2024\/03\/2250-768x576.jpg 768w, https:\/\/groupetango.com\/wp-content\/uploads\/2024\/03\/2250-300x225.jpg 300w, https:\/\/groupetango.com\/wp-content\/uploads\/2024\/03\/2250-1024x768.jpg 1024w, https:\/\/groupetango.com\/wp-content\/uploads\/2024\/03\/2250.jpg 1500w\" sizes=\"(max-width: 768px) 100vw, 768px\" \/>                    <\/div>\n        <div class=\"service-content\">\n            <h3 class=\"service-title delta\">Dalles et panneaux acoustiques<\/h3>\n            <span class=\"service-more-link style-icon\"><i class=\"rebuilto-icon-arrow-up-right\"><\/i><\/span>\n        <\/div>\n        <a class=\"overlay-link\" href=\"https:\/\/groupetango.com\/fr\/services\/dalles-et-panneaux-acoustiques\/\"><\/a>\n    <\/div>\n<\/div>\n                    <\/div>\n                                        <div class=\"grid-item\">\n                        <div class=\"service-item service-style-1\">\n    <div class=\"service-inner\">\n        <div class=\"service-post-thumbnail\">\n                            <img loading=\"lazy\" decoding=\"async\" width=\"768\" height=\"522\" src=\"https:\/\/groupetango.com\/wp-content\/uploads\/2024\/07\/image020-768x522.png\" class=\"attachment-medium_large size-medium_large wp-post-image\" alt=\"\" srcset=\"https:\/\/groupetango.com\/wp-content\/uploads\/2024\/07\/image020-768x522.png 768w, https:\/\/groupetango.com\/wp-content\/uploads\/2024\/07\/image020-300x204.png 300w, https:\/\/groupetango.com\/wp-content\/uploads\/2024\/07\/image020.png 874w\" sizes=\"(max-width: 768px) 100vw, 768px\" \/>                    <\/div>\n        <div class=\"service-content\">\n            <h3 class=\"service-title delta\">Plancher composite<\/h3>\n            <span class=\"service-more-link style-icon\"><i class=\"rebuilto-icon-arrow-up-right\"><\/i><\/span>\n        <\/div>\n        <a class=\"overlay-link\" href=\"https:\/\/groupetango.com\/fr\/services\/plancher-composite\/\"><\/a>\n    <\/div>\n<\/div>\n                    <\/div>\n                                        <div class=\"grid-item\">\n                        <div class=\"service-item service-style-1\">\n    <div class=\"service-inner\">\n        <div class=\"service-post-thumbnail\">\n                            <img loading=\"lazy\" decoding=\"async\" width=\"768\" height=\"572\" src=\"https:\/\/groupetango.com\/wp-content\/uploads\/2024\/07\/non-structural-768x572.jpg\" class=\"attachment-medium_large size-medium_large wp-post-image\" alt=\"\" srcset=\"https:\/\/groupetango.com\/wp-content\/uploads\/2024\/07\/non-structural-768x572.jpg 768w, https:\/\/groupetango.com\/wp-content\/uploads\/2024\/07\/non-structural-300x223.jpg 300w, https:\/\/groupetango.com\/wp-content\/uploads\/2024\/07\/non-structural.jpg 940w\" sizes=\"(max-width: 768px) 100vw, 768px\" \/>                    <\/div>\n        <div class=\"service-content\">\n            <h3 class=\"service-title delta\">Plancher non-structurel<\/h3>\n            <span class=\"service-more-link style-icon\"><i class=\"rebuilto-icon-arrow-up-right\"><\/i><\/span>\n        <\/div>\n        <a class=\"overlay-link\" href=\"https:\/\/groupetango.com\/fr\/services\/plancher-non-structurel\/\"><\/a>\n    <\/div>\n<\/div>\n                    <\/div>\n                                <\/div>\n\n        <\/div>\n                \t\t<\/div>\n\t\t\t\t<\/div>\n\t\t\t\t\t<\/div>\n\t\t\t\t<\/div>\n\t\t\t\t<\/div>\n\t\t","protected":false},"excerpt":{"rendered":"<p>Ce que nous faisons Charpente m\u00e9tallique Isolation et insonorisation Installation de cloisons s\u00e8ches Plafonds suspendus Travaux de pl\u00e2trage Dalles et panneaux acoustiques Plancher structurel Plancher non-structurel<\/p>\n","protected":false},"author":4,"featured_media":0,"parent":0,"menu_order":0,"comment_status":"closed","ping_status":"closed","template":"template-homepage.php","meta":{"footnotes":""},"class_list":["post-8139","page","type-page","status-publish","hentry"],"yoast_head":"<!-- This site is optimized with the Yoast SEO plugin v24.6 - https:\/\/yoast.com\/wordpress\/plugins\/seo\/ -->\n<title>Services - Tango Construction - Sp\u00e9cialis\u00e9 dans les syst\u00e8mes int\u00e9rieurs<\/title>\n<meta name=\"robots\" content=\"index, follow, max-snippet:-1, max-image-preview:large, max-video-preview:-1\" \/>\n<link rel=\"canonical\" href=\"https:\/\/groupetango.com\/fr\/services\/\" \/>\n<meta property=\"og:locale\" content=\"fr_FR\" \/>\n<meta property=\"og:type\" content=\"article\" \/>\n<meta property=\"og:title\" content=\"Services - Tango Construction - Sp\u00e9cialis\u00e9 dans les syst\u00e8mes int\u00e9rieurs\" \/>\n<meta property=\"og:description\" content=\"Ce que nous faisons Charpente m\u00e9tallique Isolation et insonorisation Installation de cloisons s\u00e8ches Plafonds suspendus Travaux de pl\u00e2trage Dalles et panneaux acoustiques Plancher structurel Plancher non-structurel\" \/>\n<meta property=\"og:url\" content=\"https:\/\/groupetango.com\/fr\/services\/\" \/>\n<meta property=\"og:site_name\" content=\"Tango Construction\" \/>\n<meta property=\"article:modified_time\" content=\"2025-02-21T14:25:32+00:00\" \/>\n<meta property=\"og:image\" content=\"https:\/\/groupetango.com\/wp-content\/uploads\/2024\/03\/metal-768x512.jpg\" \/>\n<meta name=\"twitter:card\" content=\"summary_large_image\" \/>\n<script type=\"application\/ld+json\" class=\"yoast-schema-graph\">{\"@context\":\"https:\/\/schema.org\",\"@graph\":[{\"@type\":\"WebPage\",\"@id\":\"https:\/\/groupetango.com\/fr\/services\/\",\"url\":\"https:\/\/groupetango.com\/fr\/services\/\",\"name\":\"Services - Tango Construction - Sp\u00e9cialis\u00e9 dans les syst\u00e8mes int\u00e9rieurs\",\"isPartOf\":{\"@id\":\"https:\/\/groupetango.com\/#website\"},\"primaryImageOfPage\":{\"@id\":\"https:\/\/groupetango.com\/fr\/services\/#primaryimage\"},\"image\":{\"@id\":\"https:\/\/groupetango.com\/fr\/services\/#primaryimage\"},\"thumbnailUrl\":\"https:\/\/groupetango.com\/wp-content\/uploads\/2024\/03\/metal-768x512.jpg\",\"datePublished\":\"2024-09-11T13:19:19+00:00\",\"dateModified\":\"2025-02-21T14:25:32+00:00\",\"breadcrumb\":{\"@id\":\"https:\/\/groupetango.com\/fr\/services\/#breadcrumb\"},\"inLanguage\":\"fr-FR\",\"potentialAction\":[{\"@type\":\"ReadAction\",\"target\":[\"https:\/\/groupetango.com\/fr\/services\/\"]}]},{\"@type\":\"ImageObject\",\"inLanguage\":\"fr-FR\",\"@id\":\"https:\/\/groupetango.com\/fr\/services\/#primaryimage\",\"url\":\"https:\/\/groupetango.com\/wp-content\/uploads\/2024\/03\/metal-768x512.jpg\",\"contentUrl\":\"https:\/\/groupetango.com\/wp-content\/uploads\/2024\/03\/metal-768x512.jpg\"},{\"@type\":\"BreadcrumbList\",\"@id\":\"https:\/\/groupetango.com\/fr\/services\/#breadcrumb\",\"itemListElement\":[{\"@type\":\"ListItem\",\"position\":1,\"name\":\"Home\",\"item\":\"https:\/\/groupetango.com\/fr\/\"},{\"@type\":\"ListItem\",\"position\":2,\"name\":\"Services\"}]},{\"@type\":\"WebSite\",\"@id\":\"https:\/\/groupetango.com\/#website\",\"url\":\"https:\/\/groupetango.com\/\",\"name\":\"Tango Construction\",\"description\":\"Sp\u00e9cialis\u00e9 dans les syst\u00e8mes int\u00e9rieurs\",\"publisher\":{\"@id\":\"https:\/\/groupetango.com\/#organization\"},\"potentialAction\":[{\"@type\":\"SearchAction\",\"target\":{\"@type\":\"EntryPoint\",\"urlTemplate\":\"https:\/\/groupetango.com\/?s={search_term_string}\"},\"query-input\":{\"@type\":\"PropertyValueSpecification\",\"valueRequired\":true,\"valueName\":\"search_term_string\"}}],\"inLanguage\":\"fr-FR\"},{\"@type\":\"Organization\",\"@id\":\"https:\/\/groupetango.com\/#organization\",\"name\":\"Tango Construction\",\"url\":\"https:\/\/groupetango.com\/\",\"logo\":{\"@type\":\"ImageObject\",\"inLanguage\":\"fr-FR\",\"@id\":\"https:\/\/groupetango.com\/#\/schema\/logo\/image\/\",\"url\":\"https:\/\/groupetango.com\/wp-content\/uploads\/2025\/08\/cropped-cropped-tango-black-logo.png\",\"contentUrl\":\"https:\/\/groupetango.com\/wp-content\/uploads\/2025\/08\/cropped-cropped-tango-black-logo.png\",\"width\":500,\"height\":127,\"caption\":\"Tango Construction\"},\"image\":{\"@id\":\"https:\/\/groupetango.com\/#\/schema\/logo\/image\/\"}}]}<\/script>\n<!-- \/ Yoast SEO plugin. -->","yoast_head_json":{"title":"Services - Tango Construction - Sp\u00e9cialis\u00e9 dans les syst\u00e8mes int\u00e9rieurs","robots":{"index":"index","follow":"follow","max-snippet":"max-snippet:-1","max-image-preview":"max-image-preview:large","max-video-preview":"max-video-preview:-1"},"canonical":"https:\/\/groupetango.com\/fr\/services\/","og_locale":"fr_FR","og_type":"article","og_title":"Services - Tango Construction - Sp\u00e9cialis\u00e9 dans les syst\u00e8mes int\u00e9rieurs","og_description":"Ce que nous faisons Charpente m\u00e9tallique Isolation et insonorisation Installation de cloisons s\u00e8ches Plafonds suspendus Travaux de pl\u00e2trage Dalles et panneaux acoustiques Plancher structurel Plancher non-structurel","og_url":"https:\/\/groupetango.com\/fr\/services\/","og_site_name":"Tango Construction","article_modified_time":"2025-02-21T14:25:32+00:00","og_image":[{"url":"https:\/\/groupetango.com\/wp-content\/uploads\/2024\/03\/metal-768x512.jpg","type":"","width":"","height":""}],"twitter_card":"summary_large_image","schema":{"@context":"https:\/\/schema.org","@graph":[{"@type":"WebPage","@id":"https:\/\/groupetango.com\/fr\/services\/","url":"https:\/\/groupetango.com\/fr\/services\/","name":"Services - Tango Construction - Sp\u00e9cialis\u00e9 dans les syst\u00e8mes int\u00e9rieurs","isPartOf":{"@id":"https:\/\/groupetango.com\/#website"},"primaryImageOfPage":{"@id":"https:\/\/groupetango.com\/fr\/services\/#primaryimage"},"image":{"@id":"https:\/\/groupetango.com\/fr\/services\/#primaryimage"},"thumbnailUrl":"https:\/\/groupetango.com\/wp-content\/uploads\/2024\/03\/metal-768x512.jpg","datePublished":"2024-09-11T13:19:19+00:00","dateModified":"2025-02-21T14:25:32+00:00","breadcrumb":{"@id":"https:\/\/groupetango.com\/fr\/services\/#breadcrumb"},"inLanguage":"fr-FR","potentialAction":[{"@type":"ReadAction","target":["https:\/\/groupetango.com\/fr\/services\/"]}]},{"@type":"ImageObject","inLanguage":"fr-FR","@id":"https:\/\/groupetango.com\/fr\/services\/#primaryimage","url":"https:\/\/groupetango.com\/wp-content\/uploads\/2024\/03\/metal-768x512.jpg","contentUrl":"https:\/\/groupetango.com\/wp-content\/uploads\/2024\/03\/metal-768x512.jpg"},{"@type":"BreadcrumbList","@id":"https:\/\/groupetango.com\/fr\/services\/#breadcrumb","itemListElement":[{"@type":"ListItem","position":1,"name":"Home","item":"https:\/\/groupetango.com\/fr\/"},{"@type":"ListItem","position":2,"name":"Services"}]},{"@type":"WebSite","@id":"https:\/\/groupetango.com\/#website","url":"https:\/\/groupetango.com\/","name":"Tango Construction","description":"Sp\u00e9cialis\u00e9 dans les syst\u00e8mes int\u00e9rieurs","publisher":{"@id":"https:\/\/groupetango.com\/#organization"},"potentialAction":[{"@type":"SearchAction","target":{"@type":"EntryPoint","urlTemplate":"https:\/\/groupetango.com\/?s={search_term_string}"},"query-input":{"@type":"PropertyValueSpecification","valueRequired":true,"valueName":"search_term_string"}}],"inLanguage":"fr-FR"},{"@type":"Organization","@id":"https:\/\/groupetango.com\/#organization","name":"Tango Construction","url":"https:\/\/groupetango.com\/","logo":{"@type":"ImageObject","inLanguage":"fr-FR","@id":"https:\/\/groupetango.com\/#\/schema\/logo\/image\/","url":"https:\/\/groupetango.com\/wp-content\/uploads\/2025\/08\/cropped-cropped-tango-black-logo.png","contentUrl":"https:\/\/groupetango.com\/wp-content\/uploads\/2025\/08\/cropped-cropped-tango-black-logo.png","width":500,"height":127,"caption":"Tango Construction"},"image":{"@id":"https:\/\/groupetango.com\/#\/schema\/logo\/image\/"}}]}},"_links":{"self":[{"href":"https:\/\/groupetango.com\/fr\/wp-json\/wp\/v2\/pages\/8139","targetHints":{"allow":["GET"]}}],"collection":[{"href":"https:\/\/groupetango.com\/fr\/wp-json\/wp\/v2\/pages"}],"about":[{"href":"https:\/\/groupetango.com\/fr\/wp-json\/wp\/v2\/types\/page"}],"author":[{"embeddable":true,"href":"https:\/\/groupetango.com\/fr\/wp-json\/wp\/v2\/users\/4"}],"replies":[{"embeddable":true,"href":"https:\/\/groupetango.com\/fr\/wp-json\/wp\/v2\/comments?post=8139"}],"version-history":[{"count":10,"href":"https:\/\/groupetango.com\/fr\/wp-json\/wp\/v2\/pages\/8139\/revisions"}],"predecessor-version":[{"id":8603,"href":"https:\/\/groupetango.com\/fr\/wp-json\/wp\/v2\/pages\/8139\/revisions\/8603"}],"wp:attachment":[{"href":"https:\/\/groupetango.com\/fr\/wp-json\/wp\/v2\/media?parent=8139"}],"curies":[{"name":"wp","href":"https:\/\/api.w.org\/{rel}","templated":true}]}}